{"id":3776,"date":"2026-02-16T13:15:59","date_gmt":"2026-02-16T12:15:59","guid":{"rendered":"https:\/\/www.proffnorge.no\/?page_id=3776"},"modified":"2026-02-19T10:08:25","modified_gmt":"2026-02-19T09:08:25","slug":"professional-podcasts","status":"publish","type":"page","link":"https:\/\/www.proffnorge.no\/en\/proff-podden\/","title":{"rendered":"Professional podiums"},"content":{"rendered":"\t\t<div data-elementor-type=\"wp-page\" data-elementor-id=\"3776\" class=\"elementor elementor-3776\" data-elementor-post-type=\"page\">\n\t\t\t\t<div class=\"elementor-element elementor-element-d91e8fb e-flex e-con-boxed e-con e-parent\" data-id=\"d91e8fb\" data-element_type=\"container\" data-e-type=\"container\" data-settings=\"{&quot;background_background&quot;:&quot;classic&quot;}\">\n\t\t\t\t\t<div class=\"e-con-inner\">\n\t\t<div class=\"elementor-element elementor-element-62a9ebf e-con-full e-flex e-con e-child\" data-id=\"62a9ebf\" data-element_type=\"container\" data-e-type=\"container\">\n\t\t\t\t<div class=\"elementor-element elementor-element-ab7fcf4 elementor-widget elementor-widget-heading\" data-id=\"ab7fcf4\" data-element_type=\"widget\" data-e-type=\"widget\" data-widget_type=\"heading.default\">\n\t\t\t\t<div class=\"elementor-widget-container\">\n\t\t\t\t\t<h1 class=\"elementor-heading-title elementor-size-default\">En podcast for proffen\n<\/h1>\t\t\t\t<\/div>\n\t\t\t\t<\/div>\n\t\t\t\t<div class=\"elementor-element elementor-element-d904691 elementor-widget elementor-widget-text-editor\" data-id=\"d904691\" data-element_type=\"widget\" data-e-type=\"widget\" data-widget_type=\"text-editor.default\">\n\t\t\t\t<div class=\"elementor-widget-container\">\n\t\t\t\t\t\t\t\t\t<p>Proff Podden er podcasten for deg som vil ha ekte fagkunnskap om renhold, hygiene og sanering &#8211; forklart p\u00e5 en enkel og praktisk m\u00e5te.\u00a0<\/p><p>Podcasten er produsert med hjelp av AI-teknologi, noe som gj\u00f8r at vi kan levere nytt og relevant innhold oftere, med h\u00f8y kvalitet &#8211; uten \u00e5 g\u00e5 p\u00e5 kompromiss med det faglige. Innholdet er basert p\u00e5 reell bransjekunnskap fra Proff Norge.<\/p><p>I hver episode f\u00e5r du konkrete tips, metoder og erfaringer fra bransjen &#8211; hva som faktisk fungerer og hvilke feil folk ofte gj\u00f8r. Enten du er fagperson, privat eller bare nysgjerrig p\u00e5 hva som skjer bak kulissene, gir Proff Podden deg innsikt, historier og nyttige r\u00e5d du kan bruke med \u00e9n gang.<\/p><p>Kort sagt: Proff Podden &#8211; n\u00e5r du vil l\u00e6re mer om renhold og sanering, fra de sm\u00e5 grepene til de store jobbene!<\/p>\t\t\t\t\t\t\t\t<\/div>\n\t\t\t\t<\/div>\n\t\t\t\t<\/div>\n\t\t<div class=\"elementor-element elementor-element-1e658d9 e-con-full e-flex e-con e-child\" data-id=\"1e658d9\" data-element_type=\"container\" data-e-type=\"container\">\n\t\t\t\t<div class=\"elementor-element elementor-element-1961495 elementor-widget elementor-widget-image\" data-id=\"1961495\" data-element_type=\"widget\" data-e-type=\"widget\" data-widget_type=\"image.default\">\n\t\t\t\t<div class=\"elementor-widget-container\">\n\t\t\t\t\t\t\t\t\t\t\t\t\t\t\t<img fetchpriority=\"high\" decoding=\"async\" width=\"800\" height=\"800\" src=\"https:\/\/www.proffnorge.no\/wp-content\/uploads\/2026\/02\/Proff-Podden-1024x1024.webp?wsr\" class=\"attachment-large size-large wp-image-3773\" alt=\"\" srcset=\"https:\/\/www.proffnorge.no\/wp-content\/uploads\/2026\/02\/Proff-Podden-1024x1024.webp 1024w, https:\/\/www.proffnorge.no\/wp-content\/uploads\/2026\/02\/Proff-Podden-300x300.webp 300w, https:\/\/www.proffnorge.no\/wp-content\/uploads\/2026\/02\/Proff-Podden-150x150.webp 150w, https:\/\/www.proffnorge.no\/wp-content\/uploads\/2026\/02\/Proff-Podden-768x768.webp 768w, https:\/\/www.proffnorge.no\/wp-content\/uploads\/2026\/02\/Proff-Podden-12x12.webp 12w, https:\/\/www.proffnorge.no\/wp-content\/uploads\/2026\/02\/Proff-Podden.webp 1500w\" sizes=\"(max-width: 800px) 100vw, 800px\" \/>\t\t\t\t\t\t\t\t\t\t\t\t\t\t\t<\/div>\n\t\t\t\t<\/div>\n\t\t\t\t<\/div>\n\t\t\t\t\t<\/div>\n\t\t\t\t<\/div>\n\t\t<div class=\"elementor-element elementor-element-c9650ef e-flex e-con-boxed e-con e-parent\" data-id=\"c9650ef\" data-element_type=\"container\" data-e-type=\"container\">\n\t\t\t\t\t<div class=\"e-con-inner\">\n\t\t\t\t<div class=\"elementor-element elementor-element-732031a elementor-widget elementor-widget-html\" data-id=\"732031a\" data-element_type=\"widget\" data-e-type=\"widget\" data-widget_type=\"html.default\">\n\t\t\t\t<div class=\"elementor-widget-container\">\n\t\t\t\t\t<!-- Elfsight Podcast Player | Proff Podden -->\n<script src=\"https:\/\/elfsightcdn.com\/platform.js\" async><\/script>\n<div class=\"elfsight-app-c01072bb-9ee3-4734-adf8-6bb515bbf3ca\" data-elfsight-app-lazy><\/div>\t\t\t\t<\/div>\n\t\t\t\t<\/div>\n\t\t\t\t\t<\/div>\n\t\t\t\t<\/div>\n\t\t<div class=\"elementor-element elementor-element-6c61631 e-flex e-con-boxed e-con e-parent\" data-id=\"6c61631\" data-element_type=\"container\" data-e-type=\"container\" data-settings=\"{&quot;background_background&quot;:&quot;classic&quot;}\">\n\t\t\t\t\t<div class=\"e-con-inner\">\n\t\t<div class=\"elementor-element elementor-element-87f014d e-con-full e-flex e-con e-child\" data-id=\"87f014d\" data-element_type=\"container\" data-e-type=\"container\">\n\t\t\t\t<div class=\"elementor-element elementor-element-fe4e1a3 elementor-widget elementor-widget-heading\" data-id=\"fe4e1a3\" data-element_type=\"widget\" data-e-type=\"widget\" data-widget_type=\"heading.default\">\n\t\t\t\t<div class=\"elementor-widget-container\">\n\t\t\t\t\t<h2 class=\"elementor-heading-title elementor-size-default\">Meld deg p\u00e5 v\u00e5rt nyhetsbrev<\/h2>\t\t\t\t<\/div>\n\t\t\t\t<\/div>\n\t\t\t\t<div class=\"elementor-element elementor-element-4870905 elementor-widget elementor-widget-text-editor\" data-id=\"4870905\" data-element_type=\"widget\" data-e-type=\"widget\" data-widget_type=\"text-editor.default\">\n\t\t\t\t<div class=\"elementor-widget-container\">\n\t\t\t\t\t\t\t\t\t<p>Vil du f\u00e5 faglig p\u00e5fyll, produktnyheter og praktiske tips som gj\u00f8r hverdagen enklere?<\/p><p>Vi deler innsikt og l\u00f8sninger som hjelper deg \u00e5 velge riktig \u2013 enten du jobber som fagperson eller bare vil ha produkter som faktisk fungerer.<\/p>\t\t\t\t\t\t\t\t<\/div>\n\t\t\t\t<\/div>\n\t\t\t\t<div class=\"elementor-element elementor-element-9e050a2 elementor-widget elementor-widget-html\" data-id=\"9e050a2\" data-element_type=\"widget\" data-e-type=\"widget\" data-widget_type=\"html.default\">\n\t\t\t\t<div class=\"elementor-widget-container\">\n\t\t\t\t\t<div id=\"mc_embed_shell\">\n<div id=\"mc_embed_signup\">\n    <form action=\"https:\/\/proffnorge.us3.list-manage.com\/subscribe\/post-json?u=a59474f6684ace4e30f700c21&amp;id=d6855a068c&amp;f_id=00653ee2f0&c=?\" method=\"get\" id=\"mc-embedded-subscribe-form\" name=\"mc-embedded-subscribe-form\" class=\"validate\" target=\"_blank\" novalidate=\"\">\n        <div id=\"mc_embed_signup_scroll\">\n            <div class=\"mc-field-group\">\n                <input type=\"email\" name=\"EMAIL\" class=\"required email\" id=\"mce-EMAIL\" required=\"\" value=\"\" placeholder=\"E-post\">\n                <input type=\"submit\" name=\"subscribe\" id=\"mc-embedded-subscribe\" class=\"button\" value=\"Registrer meg\">\n            <\/div>\n            <div id=\"mce-responses\" class=\"clear\">\n                <div class=\"response\" id=\"mce-error-response\"><\/div>\n                <div class=\"response\" id=\"mce-success-response\"><\/div>\n            <\/div>\n            <div id=\"mergeRow-gdpr\" class=\"mergeRow gdpr-mergeRow content__gdprBlock\">\n                <div class=\"content__gdpr\">\n                    <fieldset class=\"mc_fieldset gdprRequired\" name=\"interestgroup_field\">\n                        <label class=\"checkbox subfield\" for=\"gdpr_34705\">\n                            <input type=\"checkbox\" id=\"gdpr_34705\" name=\"gdpr[34705]\" class=\"gdpr\" value=\"Y\">\n                            <span>Jeg godtar \u00e5 motta nyhetsbrev fra Proff Norge. Les mer om <a href=\"https:\/\/shop.proffnorge.no\/personverninformasjon-gdpr-\" target=\"_blank\">personvern her<\/a>.<\/span>\n                        <\/label>\n                    <\/fieldset>\n                    <p>Du kan n\u00e5r som helst melde deg av via avmeldingslinken i nyhetsbrevet.<\/p>\n                <\/div>\n            <\/div>\n            <div aria-hidden=\"true\" style=\"position: absolute; left: -5000px;\"><input type=\"text\" name=\"b_a59474f6684ace4e30f700c21_d6855a068c\" tabindex=\"-1\" value=\"\"><\/div>\n        <\/div>\n    <\/form>\n<\/div>\n<\/div>\n\n<script>\n(function() {\n    var form = document.getElementById('mc-embedded-subscribe-form');\n    var responseEl = document.getElementById('mce-success-response');\n    var errorEl = document.getElementById('mce-error-response');\n    \n    form.addEventListener('submit', function(e) {\n        e.preventDefault();\n        \n        var email = document.getElementById('mce-EMAIL').value;\n        var gdpr = document.getElementById('gdpr_34705').checked;\n        \n        if (!email) {\n            errorEl.innerHTML = 'Vennligst skriv inn e-postadresse.';\n            errorEl.style.display = 'block';\n            responseEl.style.display = 'none';\n            return;\n        }\n        \n        if (!gdpr) {\n            errorEl.innerHTML = 'Du m\u00e5 godta vilk\u00e5rene for \u00e5 registrere deg.';\n            errorEl.style.display = 'block';\n            responseEl.style.display = 'none';\n            return;\n        }\n        \n        var url = form.action.replace('\/post?', '\/post-json?');\n        url += '&EMAIL=' + encodeURIComponent(email);\n        url += '&gdpr[34705]=Y';\n        \n        var script = document.createElement('script');\n        script.src = url + '&c=callback';\n        \n        window.callback = function(data) {\n            if (data.result === 'success') {\n                responseEl.innerHTML = 'Takk for din p\u00e5melding! Sjekk e-posten din for \u00e5 bekrefte.';\n                responseEl.style.display = 'block';\n                errorEl.style.display = 'none';\n                form.reset();\n            } else {\n                var msg = data.msg || 'Noe gikk galt. Pr\u00f8v igjen.';\n                if (msg.indexOf('already subscribed') > -1) {\n                    msg = 'Denne e-postadressen er allerede registrert.';\n                }\n                errorEl.innerHTML = msg;\n                errorEl.style.display = 'block';\n                responseEl.style.display = 'none';\n            }\n        };\n        \n        document.body.appendChild(script);\n    });\n})();\n<\/script>\t\t\t\t<\/div>\n\t\t\t\t<\/div>\n\t\t\t\t<\/div>\n\t\t<div class=\"elementor-element elementor-element-2d64bbc e-con-full elementor-hidden-tablet elementor-hidden-mobile e-flex e-con e-child\" data-id=\"2d64bbc\" data-element_type=\"container\" data-e-type=\"container\" data-settings=\"{&quot;background_background&quot;:&quot;classic&quot;}\">\n\t\t\t\t<div class=\"elementor-element elementor-element-c62c35c elementor-widget__width-initial elementor-widget elementor-widget-heading\" data-id=\"c62c35c\" data-element_type=\"widget\" data-e-type=\"widget\" data-widget_type=\"heading.default\">\n\t\t\t\t<div class=\"elementor-widget-container\">\n\t\t\t\t\t<h2 class=\"elementor-heading-title elementor-size-default\">F\u00c5 TILBUD, TIPS OG NYHETER<\/h2>\t\t\t\t<\/div>\n\t\t\t\t<\/div>\n\t\t\t\t<\/div>\n\t\t\t\t\t<\/div>\n\t\t\t\t<\/div>\n\t\t\t\t<\/div>\n\t\t","protected":false},"excerpt":{"rendered":"<p>En podcast for proffen Proff Podden er podcasten for deg som vil ha ekte fagkunnskap om renhold, hygiene og sanering &#8211; forklart p\u00e5 en enkel og praktisk m\u00e5te.\u00a0 Podcasten er produsert med hjelp av AI-teknologi, noe som gj\u00f8r at vi kan levere nytt og relevant innhold oftere, med h\u00f8y kvalitet &#8211; uten \u00e5 g\u00e5 p\u00e5 [&hellip;]<\/p>\n","protected":false},"author":2,"featured_media":3773,"parent":0,"menu_order":0,"comment_status":"closed","ping_status":"closed","template":"","meta":{"footnotes":""},"class_list":["post-3776","page","type-page","status-publish","has-post-thumbnail","hentry"],"yoast_head":"<!-- This site is optimized with the Yoast SEO plugin v27.3 - https:\/\/yoast.com\/product\/yoast-seo-wordpress\/ -->\n<title>Proff Podden | Proff Norge<\/title>\n<meta name=\"robots\" content=\"index, follow, max-snippet:-1, max-image-preview:large, max-video-preview:-1\" \/>\n<link rel=\"canonical\" href=\"https:\/\/www.proffnorge.no\/en\/professional-podcasts\/\" \/>\n<meta property=\"og:locale\" content=\"en_GB\" \/>\n<meta property=\"og:type\" content=\"article\" \/>\n<meta property=\"og:title\" content=\"Proff Podden | Proff Norge\" \/>\n<meta property=\"og:description\" content=\"En podcast for proffen Proff Podden er podcasten for deg som vil ha ekte fagkunnskap om renhold, hygiene og sanering &#8211; forklart p\u00e5 en enkel og praktisk m\u00e5te.\u00a0 Podcasten er produsert med hjelp av AI-teknologi, noe som gj\u00f8r at vi kan levere nytt og relevant innhold oftere, med h\u00f8y kvalitet &#8211; uten \u00e5 g\u00e5 p\u00e5 [&hellip;]\" \/>\n<meta property=\"og:url\" content=\"https:\/\/www.proffnorge.no\/en\/professional-podcasts\/\" \/>\n<meta property=\"og:site_name\" content=\"Proff Norge\" \/>\n<meta property=\"article:publisher\" content=\"https:\/\/www.facebook.com\/proffnorge\/\" \/>\n<meta property=\"article:modified_time\" content=\"2026-02-19T09:08:25+00:00\" \/>\n<meta property=\"og:image\" content=\"https:\/\/www.proffnorge.no\/wp-content\/uploads\/2026\/02\/Proff-Podden.webp?wsr\" \/>\n\t<meta property=\"og:image:width\" content=\"1500\" \/>\n\t<meta property=\"og:image:height\" content=\"1500\" \/>\n\t<meta property=\"og:image:type\" content=\"image\/webp\" \/>\n<meta name=\"twitter:card\" content=\"summary_large_image\" \/>\n<meta name=\"twitter:label1\" content=\"Estimated reading time\" \/>\n\t<meta name=\"twitter:data1\" content=\"3 minutes\" \/>\n<script type=\"application\/ld+json\" class=\"yoast-schema-graph\">{\"@context\":\"https:\\\/\\\/schema.org\",\"@graph\":[{\"@type\":\"WebPage\",\"@id\":\"https:\\\/\\\/www.proffnorge.no\\\/proff-podden\\\/\",\"url\":\"https:\\\/\\\/www.proffnorge.no\\\/proff-podden\\\/\",\"name\":\"Proff Podden | Proff Norge\",\"isPartOf\":{\"@id\":\"https:\\\/\\\/www.proffnorge.no\\\/#website\"},\"primaryImageOfPage\":{\"@id\":\"https:\\\/\\\/www.proffnorge.no\\\/proff-podden\\\/#primaryimage\"},\"image\":{\"@id\":\"https:\\\/\\\/www.proffnorge.no\\\/proff-podden\\\/#primaryimage\"},\"thumbnailUrl\":\"https:\\\/\\\/www.proffnorge.no\\\/wp-content\\\/uploads\\\/2026\\\/02\\\/Proff-Podden.webp?wsr\",\"datePublished\":\"2026-02-16T12:15:59+00:00\",\"dateModified\":\"2026-02-19T09:08:25+00:00\",\"breadcrumb\":{\"@id\":\"https:\\\/\\\/www.proffnorge.no\\\/proff-podden\\\/#breadcrumb\"},\"inLanguage\":\"en-GB\",\"potentialAction\":[{\"@type\":\"ReadAction\",\"target\":[\"https:\\\/\\\/www.proffnorge.no\\\/proff-podden\\\/\"]}]},{\"@type\":\"ImageObject\",\"inLanguage\":\"en-GB\",\"@id\":\"https:\\\/\\\/www.proffnorge.no\\\/proff-podden\\\/#primaryimage\",\"url\":\"https:\\\/\\\/www.proffnorge.no\\\/wp-content\\\/uploads\\\/2026\\\/02\\\/Proff-Podden.webp?wsr\",\"contentUrl\":\"https:\\\/\\\/www.proffnorge.no\\\/wp-content\\\/uploads\\\/2026\\\/02\\\/Proff-Podden.webp?wsr\",\"width\":1500,\"height\":1500},{\"@type\":\"BreadcrumbList\",\"@id\":\"https:\\\/\\\/www.proffnorge.no\\\/proff-podden\\\/#breadcrumb\",\"itemListElement\":[{\"@type\":\"ListItem\",\"position\":1,\"name\":\"Home\",\"item\":\"https:\\\/\\\/www.proffnorge.no\\\/\"},{\"@type\":\"ListItem\",\"position\":2,\"name\":\"Proff Podden\"}]},{\"@type\":\"WebSite\",\"@id\":\"https:\\\/\\\/www.proffnorge.no\\\/#website\",\"url\":\"https:\\\/\\\/www.proffnorge.no\\\/\",\"name\":\"Proff Norge\",\"description\":\"Leverand\u00f8r til skade- og renholdsbransjen\",\"publisher\":{\"@id\":\"https:\\\/\\\/www.proffnorge.no\\\/#organization\"},\"potentialAction\":[{\"@type\":\"SearchAction\",\"target\":{\"@type\":\"EntryPoint\",\"urlTemplate\":\"https:\\\/\\\/www.proffnorge.no\\\/?s={search_term_string}\"},\"query-input\":{\"@type\":\"PropertyValueSpecification\",\"valueRequired\":true,\"valueName\":\"search_term_string\"}}],\"inLanguage\":\"en-GB\"},{\"@type\":\"Organization\",\"@id\":\"https:\\\/\\\/www.proffnorge.no\\\/#organization\",\"name\":\"Proff Norge AS\",\"alternateName\":\"Proffnorge\",\"url\":\"https:\\\/\\\/www.proffnorge.no\\\/\",\"logo\":{\"@type\":\"ImageObject\",\"inLanguage\":\"en-GB\",\"@id\":\"https:\\\/\\\/www.proffnorge.no\\\/#\\\/schema\\\/logo\\\/image\\\/\",\"url\":\"https:\\\/\\\/www.proffnorge.no\\\/wp-content\\\/uploads\\\/2025\\\/04\\\/Proff-Norge-Logo.svg?wsr\",\"contentUrl\":\"https:\\\/\\\/www.proffnorge.no\\\/wp-content\\\/uploads\\\/2025\\\/04\\\/Proff-Norge-Logo.svg?wsr\",\"width\":434,\"height\":244,\"caption\":\"Proff Norge AS\"},\"image\":{\"@id\":\"https:\\\/\\\/www.proffnorge.no\\\/#\\\/schema\\\/logo\\\/image\\\/\"},\"sameAs\":[\"https:\\\/\\\/www.facebook.com\\\/proffnorge\\\/\",\"https:\\\/\\\/www.linkedin.com\\\/company\\\/proff-norge-as\\\/\"]}]}<\/script>\n<!-- \/ Yoast SEO plugin. -->","yoast_head_json":{"title":"Proff Podden | Proff Norway","robots":{"index":"index","follow":"follow","max-snippet":"max-snippet:-1","max-image-preview":"max-image-preview:large","max-video-preview":"max-video-preview:-1"},"canonical":"https:\/\/www.proffnorge.no\/en\/professional-podcasts\/","og_locale":"en_GB","og_type":"article","og_title":"Proff Podden | Proff Norge","og_description":"En podcast for proffen Proff Podden er podcasten for deg som vil ha ekte fagkunnskap om renhold, hygiene og sanering &#8211; forklart p\u00e5 en enkel og praktisk m\u00e5te.\u00a0 Podcasten er produsert med hjelp av AI-teknologi, noe som gj\u00f8r at vi kan levere nytt og relevant innhold oftere, med h\u00f8y kvalitet &#8211; uten \u00e5 g\u00e5 p\u00e5 [&hellip;]","og_url":"https:\/\/www.proffnorge.no\/en\/professional-podcasts\/","og_site_name":"Proff Norge","article_publisher":"https:\/\/www.facebook.com\/proffnorge\/","article_modified_time":"2026-02-19T09:08:25+00:00","og_image":[{"width":1500,"height":1500,"url":"https:\/\/www.proffnorge.no\/wp-content\/uploads\/2026\/02\/Proff-Podden.webp?wsr","type":"image\/webp"}],"twitter_card":"summary_large_image","twitter_misc":{"Estimated reading time":"3 minutes"},"schema":{"@context":"https:\/\/schema.org","@graph":[{"@type":"WebPage","@id":"https:\/\/www.proffnorge.no\/proff-podden\/","url":"https:\/\/www.proffnorge.no\/proff-podden\/","name":"Proff Podden | Proff Norway","isPartOf":{"@id":"https:\/\/www.proffnorge.no\/#website"},"primaryImageOfPage":{"@id":"https:\/\/www.proffnorge.no\/proff-podden\/#primaryimage"},"image":{"@id":"https:\/\/www.proffnorge.no\/proff-podden\/#primaryimage"},"thumbnailUrl":"https:\/\/www.proffnorge.no\/wp-content\/uploads\/2026\/02\/Proff-Podden.webp?wsr","datePublished":"2026-02-16T12:15:59+00:00","dateModified":"2026-02-19T09:08:25+00:00","breadcrumb":{"@id":"https:\/\/www.proffnorge.no\/proff-podden\/#breadcrumb"},"inLanguage":"en-GB","potentialAction":[{"@type":"ReadAction","target":["https:\/\/www.proffnorge.no\/proff-podden\/"]}]},{"@type":"ImageObject","inLanguage":"en-GB","@id":"https:\/\/www.proffnorge.no\/proff-podden\/#primaryimage","url":"https:\/\/www.proffnorge.no\/wp-content\/uploads\/2026\/02\/Proff-Podden.webp?wsr","contentUrl":"https:\/\/www.proffnorge.no\/wp-content\/uploads\/2026\/02\/Proff-Podden.webp?wsr","width":1500,"height":1500},{"@type":"BreadcrumbList","@id":"https:\/\/www.proffnorge.no\/proff-podden\/#breadcrumb","itemListElement":[{"@type":"ListItem","position":1,"name":"Home","item":"https:\/\/www.proffnorge.no\/"},{"@type":"ListItem","position":2,"name":"Proff Podden"}]},{"@type":"WebSite","@id":"https:\/\/www.proffnorge.no\/#website","url":"https:\/\/www.proffnorge.no\/","name":"Proff Norway","description":"Supplier to the damage and cleaning industry","publisher":{"@id":"https:\/\/www.proffnorge.no\/#organization"},"potentialAction":[{"@type":"SearchAction","target":{"@type":"EntryPoint","urlTemplate":"https:\/\/www.proffnorge.no\/?s={search_term_string}"},"query-input":{"@type":"PropertyValueSpecification","valueRequired":true,"valueName":"search_term_string"}}],"inLanguage":"en-GB"},{"@type":"Organization","@id":"https:\/\/www.proffnorge.no\/#organization","name":"Proff Norway AS","alternateName":"Proffnorge","url":"https:\/\/www.proffnorge.no\/","logo":{"@type":"ImageObject","inLanguage":"en-GB","@id":"https:\/\/www.proffnorge.no\/#\/schema\/logo\/image\/","url":"https:\/\/www.proffnorge.no\/wp-content\/uploads\/2025\/04\/Proff-Norge-Logo.svg?wsr","contentUrl":"https:\/\/www.proffnorge.no\/wp-content\/uploads\/2025\/04\/Proff-Norge-Logo.svg?wsr","width":434,"height":244,"caption":"Proff Norge AS"},"image":{"@id":"https:\/\/www.proffnorge.no\/#\/schema\/logo\/image\/"},"sameAs":["https:\/\/www.facebook.com\/proffnorge\/","https:\/\/www.linkedin.com\/company\/proff-norge-as\/"]}]}},"_links":{"self":[{"href":"https:\/\/www.proffnorge.no\/en\/wp-json\/wp\/v2\/pages\/3776","targetHints":{"allow":["GET"]}}],"collection":[{"href":"https:\/\/www.proffnorge.no\/en\/wp-json\/wp\/v2\/pages"}],"about":[{"href":"https:\/\/www.proffnorge.no\/en\/wp-json\/wp\/v2\/types\/page"}],"author":[{"embeddable":true,"href":"https:\/\/www.proffnorge.no\/en\/wp-json\/wp\/v2\/users\/2"}],"replies":[{"embeddable":true,"href":"https:\/\/www.proffnorge.no\/en\/wp-json\/wp\/v2\/comments?post=3776"}],"version-history":[{"count":22,"href":"https:\/\/www.proffnorge.no\/en\/wp-json\/wp\/v2\/pages\/3776\/revisions"}],"predecessor-version":[{"id":3854,"href":"https:\/\/www.proffnorge.no\/en\/wp-json\/wp\/v2\/pages\/3776\/revisions\/3854"}],"wp:featuredmedia":[{"embeddable":true,"href":"https:\/\/www.proffnorge.no\/en\/wp-json\/wp\/v2\/media\/3773"}],"wp:attachment":[{"href":"https:\/\/www.proffnorge.no\/en\/wp-json\/wp\/v2\/media?parent=3776"}],"curies":[{"name":"wp","href":"https:\/\/api.w.org\/{rel}","templated":true}]}}